{"id":2219,"date":"2024-06-25T15:31:12","date_gmt":"2024-06-25T15:31:12","guid":{"rendered":"https:\/\/southfloridaoffroadtours.com\/?page_id=2219"},"modified":"2026-03-31T20:26:08","modified_gmt":"2026-03-31T20:26:08","slug":"termsconditions","status":"publish","type":"page","link":"https:\/\/southfloridaoffroadtours.com\/es\/termsconditions\/","title":{"rendered":"Terms &amp; Conditions"},"content":{"rendered":"<div data-elementor-type=\"wp-page\" data-elementor-id=\"2219\" class=\"elementor elementor-2219\" data-elementor-post-type=\"page\">\n\t\t\t\t<div data-particle_enable=\"false\" data-particle-mobile-disabled=\"false\" class=\"elementor-element elementor-element-cd49745 e-flex e-con-boxed e-con e-parent\" data-id=\"cd49745\" data-element_type=\"container\" data-e-type=\"container\">\n\t\t\t\t\t<div class=\"e-con-inner\">\n\t\t<div data-particle_enable=\"false\" data-particle-mobile-disabled=\"false\" class=\"elementor-element elementor-element-184f7f5 e-flex e-con-boxed e-con e-child\" data-id=\"184f7f5\" data-element_type=\"container\" data-e-type=\"container\" data-settings=\"{&quot;background_background&quot;:&quot;classic&quot;}\">\n\t\t\t\t\t<div class=\"e-con-inner\">\n\t\t\t\t<div class=\"elementor-element elementor-element-d714126 elementor-widget elementor-widget-spacer\" data-id=\"d714126\" data-element_type=\"widget\" data-e-type=\"widget\" data-widget_type=\"spacer.default\">\n\t\t\t\t<div class=\"elementor-widget-container\">\n\t\t\t\t\t\t\t<div class=\"elementor-spacer\">\n\t\t\t<div class=\"elementor-spacer-inner\"><\/div>\n\t\t<\/div>\n\t\t\t\t\t\t<\/div>\n\t\t\t\t<\/div>\n\t\t\t\t<div class=\"elementor-element elementor-element-e40975e elementor-widget elementor-widget-heading\" data-id=\"e40975e\" data-element_type=\"widget\" data-e-type=\"widget\" data-widget_type=\"heading.default\">\n\t\t\t\t<div class=\"elementor-widget-container\">\n\t\t\t\t\t<h1 class=\"elementor-heading-title elementor-size-default\">Terms &amp; Conditions<\/h1>\t\t\t\t<\/div>\n\t\t\t\t<\/div>\n\t\t\t\t<div class=\"elementor-element elementor-element-2fc80aa elementor-widget__width-inherit elementor-widget elementor-widget-text-editor\" data-id=\"2fc80aa\" data-element_type=\"widget\" data-e-type=\"widget\" data-widget_type=\"text-editor.default\">\n\t\t\t\t<div class=\"elementor-widget-container\">\n\t\t\t\t\t\t\t\t\t<ul>\n<li style=\"text-align: left;\">Total number of passengers per ATV is 2, with a maximum combined weight limit of 350 lbs. For comfort and safety, it&#8217;s recommended to have 1 person per ATV.<\/li>\n<li style=\"text-align: left;\">El titular de la tarjeta debe estar presente y la tarjeta de cr\u00e9dito utilizada para la reserva debe ser una identificaci\u00f3n v\u00e1lida. No toleramos actividades fraudulentas.<\/li>\n<li style=\"text-align: left;\">Por favor, llegue al menos 40 minutos antes de su visita programada para evitar cargos por retraso. Llegar tarde no garantiza la participaci\u00f3n.<\/li>\n<li style=\"text-align: left;\">Las reservas de tours en UTV son exclusivamente para eventos privados. Para m\u00e1s informaci\u00f3n, cont\u00e1ctenos en<br>\n<a href=\"tel:+13054001438\">(305) 400-1438<\/a> \/ <a href=\"tel:+17863002421\">(786) 300-2421<\/a><\/li>\n<li style=\"text-align: left;\">Walk-ins are welcome, although we highly recommend making reservations, especially on weekends.<\/li>\n<li style=\"text-align: left;\">Our services are available to individuals over 16 years old; a driver&#8217;s license is not required for ATV driving.<\/li>\n<li style=\"text-align: left;\">Tours are conducted in compliance with Florida state laws (as specified in the legal document signed before the tour).<\/li>\n<\/ul>\n<p>&nbsp;<\/p>\n<p><strong>Cancellation, Deposit, Rescheduling &amp; Participation Policy<br>\nTo secure your reservation, a $40 non-refundable deposit per rider is required at the time of booking.<\/strong><\/p>\n<p>&nbsp;<\/p>\n<p><strong>Cancellations<\/strong><\/p>\n<ul>\n<li style=\"text-align: left;\">Cancellations made less than 24 hours prior to the scheduled tour departure time are non-refundable.<\/li>\n<li style=\"text-align: left;\">Same-day cancellations, no-shows, and late arrivals will result in the full forfeiture of the deposit and any amounts paid.<\/li>\n<li style=\"text-align: left;\">Failure to arrive on time, refusal to participate, or missing the tour due to personal or transportation issues is considered a no-show.<\/li>\n<\/ul>\n<p>&nbsp;<\/p>\n<p><strong>Rescheduling<\/strong><\/p>\n<ul>\n<li style=\"text-align: left;\">Reservations may be rescheduled more than 24 hours before the tour for a $30 rescheduling fee, subject to availability.<\/li>\n<li style=\"text-align: left;\">Rescheduling requests made within 24 hours of departure are not permitted.<\/li>\n<\/ul>\n<p>&nbsp;<\/p>\n<p><strong>Weather Policy<\/strong><\/p>\n<p>Tours operate rain or shine. In the event of unsafe conditions, as determined solely by the company, guests may be rescheduled. No refunds will be issued due to weather conditions.<\/p>\n<p>&nbsp;<\/p>\n<p><strong>Vehicle Assignment &amp; Weight Restrictions<\/strong><\/p>\n<p>Double rider ATVs are subject to strict weight limits for safety and equipment protection.<\/p>\n<ul>\n<li style=\"text-align: left;\">If guests book a double rider ATV and exceed the weight restriction upon arrival, the reservation will be charged in full and is non-refundable.<\/li>\n<li style=\"text-align: left;\">No refunds will be issued due to weight restrictions or equipment limitations.<\/li>\n<li style=\"text-align: left;\">Guests will have the option to ride two single rider ATVs, subject to availability, at the applicable price difference.<\/li>\n<\/ul>\n<p>&nbsp;<\/p>\n<p><strong>Identification &amp; Payment Verification<\/strong><\/p>\n<ul>\n<li style=\"text-align: left;\">The credit card used for the reservation must be presented upon arrival.<\/li>\n<li style=\"text-align: left;\">A valid government-issued photo ID matching the name on the reservation and payment method is required.<\/li>\n<li style=\"text-align: left;\">Failure to present the matching credit card and valid photo ID may result in denial of service without refund.<\/li>\n<\/ul>\t\t\t\t\t\t\t\t<\/div>\n\t\t\t\t<\/div>\n\t\t\t\t<div class=\"elementor-element elementor-element-4aabc9a elementor-widget elementor-widget-heading\" data-id=\"4aabc9a\" data-element_type=\"widget\" data-e-type=\"widget\" data-widget_type=\"heading.default\">\n\t\t\t\t<div class=\"elementor-widget-container\">\n\t\t\t\t\t<h2 class=\"elementor-heading-title elementor-size-default\">Kids ATV Tours<\/h2>\t\t\t\t<\/div>\n\t\t\t\t<\/div>\n\t\t\t\t<div class=\"elementor-element elementor-element-cf4d9fa elementor-widget__width-inherit elementor-widget elementor-widget-text-editor\" data-id=\"cf4d9fa\" data-element_type=\"widget\" data-e-type=\"widget\" data-widget_type=\"text-editor.default\">\n\t\t\t\t<div class=\"elementor-widget-container\">\n\t\t\t\t\t\t\t\t\t<ul><li style=\"text-align: left;\"><p>Kids ages 13\u201315 can drive in our kids experience. Proof of age is required.<\/p><\/li><li style=\"text-align: left;\"><p>Each child can ride their own ATV but must be accompanied by an adult, who will also ride their own ATV.<\/p><\/li><li style=\"text-align: left;\"><p>Se incluye equipo de seguridad.<\/p><\/li><li style=\"text-align: left;\"><p>Se ofrece una lecci\u00f3n de 10 minutos para que los ni\u00f1os practiquen montar el veh\u00edculo todo terreno antes de que comience el recorrido.<\/p><\/li><\/ul>\t\t\t\t\t\t\t\t<\/div>\n\t\t\t\t<\/div>\n\t\t\t\t<div class=\"elementor-element elementor-element-79f7d66 elementor-widget elementor-widget-spacer\" data-id=\"79f7d66\" data-element_type=\"widget\" data-e-type=\"widget\" data-widget_type=\"spacer.default\">\n\t\t\t\t<div class=\"elementor-widget-container\">\n\t\t\t\t\t\t\t<div class=\"elementor-spacer\">\n\t\t\t<div class=\"elementor-spacer-inner\"><\/div>\n\t\t<\/div>\n\t\t\t\t\t\t<\/div>\n\t\t\t\t<\/div>\n\t\t\t\t\t<\/div>\n\t\t\t\t<\/div>\n\t\t\t\t\t<\/div>\n\t\t\t\t<\/div>\n\t\t\t\t<\/div>","protected":false},"excerpt":{"rendered":"<p>Terms &amp; Conditions Total number of passengers per ATV is 2, with a maximum combined weight limit of 350 lbs. For comfort and safety, it&#8217;s recommended to have 1 person per ATV. The cardholder must be present, and the credit card used for booking must match a valid form of identification. We do not tolerate [&hellip;]<\/p>\n","protected":false},"author":6,"featured_media":0,"parent":0,"menu_order":0,"comment_status":"closed","ping_status":"closed","template":"elementor_header_footer","meta":{"footnotes":""},"class_list":["post-2219","page","type-page","status-publish","hentry"],"yoast_head":"<!-- This site is optimized with the Yoast SEO Premium plugin v22.2 (Yoast SEO v27.5) - https:\/\/yoast.com\/product\/yoast-seo-premium-wordpress\/ -->\n<title>Terms &amp; Conditions - South Florida Off Road Tours<\/title>\n<meta name=\"description\" content=\"Terms &amp; Conditions Total number of passengers per ATV is 2, with a maximum combined weight limit of 350 lbs. For comfort and safety, it&#039;s recommended - South Florida Off Road Tours\" \/>\n<meta name=\"robots\" content=\"index, follow, max-snippet:-1, max-image-preview:large, max-video-preview:-1\" \/>\n<link rel=\"canonical\" href=\"https:\/\/southfloridaoffroadtours.com\/es\/termsconditions\/\" \/>\n<meta property=\"og:locale\" content=\"es_ES\" \/>\n<meta property=\"og:type\" content=\"article\" \/>\n<meta property=\"og:title\" content=\"Terms &amp; Conditions - South Florida Off Road Tours\" \/>\n<meta property=\"og:description\" content=\"Terms &amp; Conditions Total number of passengers per ATV is 2, with a maximum combined weight limit of 350 lbs. For comfort and safety, it&#039;s recommended - South Florida Off Road Tours\" \/>\n<meta property=\"og:url\" content=\"https:\/\/southfloridaoffroadtours.com\/es\/termsconditions\/\" \/>\n<meta property=\"og:site_name\" content=\"South Florida Off Road Tours\" \/>\n<meta property=\"article:modified_time\" content=\"2026-03-31T20:26:08+00:00\" \/>\n<meta name=\"twitter:card\" content=\"summary_large_image\" \/>\n<meta name=\"twitter:label1\" content=\"Tiempo de lectura\" \/>\n\t<meta name=\"twitter:data1\" content=\"3 minutos\" \/>\n<script type=\"application\/ld+json\" class=\"yoast-schema-graph\">{\"@context\":\"https:\\\/\\\/schema.org\",\"@graph\":[{\"@type\":\"WebPage\",\"@id\":\"https:\\\/\\\/southfloridaoffroadtours.com\\\/termsconditions\\\/\",\"url\":\"https:\\\/\\\/southfloridaoffroadtours.com\\\/termsconditions\\\/\",\"name\":\"Terms &amp; Conditions - South Florida Off Road Tours\",\"isPartOf\":{\"@id\":\"https:\\\/\\\/southfloridaoffroadtours.com\\\/#website\"},\"datePublished\":\"2024-06-25T15:31:12+00:00\",\"dateModified\":\"2026-03-31T20:26:08+00:00\",\"description\":\"Terms &amp; Conditions Total number of passengers per ATV is 2, with a maximum combined weight limit of 350 lbs. For comfort and safety, it's recommended - South Florida Off Road Tours\",\"inLanguage\":\"es\",\"potentialAction\":[{\"@type\":\"ReadAction\",\"target\":[\"https:\\\/\\\/southfloridaoffroadtours.com\\\/termsconditions\\\/\"]}]},{\"@type\":\"WebSite\",\"@id\":\"https:\\\/\\\/southfloridaoffroadtours.com\\\/#website\",\"url\":\"https:\\\/\\\/southfloridaoffroadtours.com\\\/\",\"name\":\"South Florida Off Road Tours\",\"description\":\"Do Something Exciting For A Change\",\"publisher\":{\"@id\":\"https:\\\/\\\/southfloridaoffroadtours.com\\\/#organization\"},\"potentialAction\":[{\"@type\":\"SearchAction\",\"target\":{\"@type\":\"EntryPoint\",\"urlTemplate\":\"https:\\\/\\\/southfloridaoffroadtours.com\\\/?s={search_term_string}\"},\"query-input\":{\"@type\":\"PropertyValueSpecification\",\"valueRequired\":true,\"valueName\":\"search_term_string\"}}],\"inLanguage\":\"es\"},{\"@type\":\"Organization\",\"@id\":\"https:\\\/\\\/southfloridaoffroadtours.com\\\/#organization\",\"name\":\"South Florida Off Road Tours\",\"url\":\"https:\\\/\\\/southfloridaoffroadtours.com\\\/\",\"logo\":{\"@type\":\"ImageObject\",\"inLanguage\":\"es\",\"@id\":\"https:\\\/\\\/southfloridaoffroadtours.com\\\/#\\\/schema\\\/logo\\\/image\\\/\",\"url\":\"https:\\\/\\\/southfloridaoffroadtours.com\\\/wp-content\\\/uploads\\\/2024\\\/03\\\/logo-footer.png\",\"contentUrl\":\"https:\\\/\\\/southfloridaoffroadtours.com\\\/wp-content\\\/uploads\\\/2024\\\/03\\\/logo-footer.png\",\"width\":347,\"height\":285,\"caption\":\"South Florida Off Road Tours\"},\"image\":{\"@id\":\"https:\\\/\\\/southfloridaoffroadtours.com\\\/#\\\/schema\\\/logo\\\/image\\\/\"}}]}<\/script>\n<!-- \/ Yoast SEO Premium plugin. -->","yoast_head_json":{"title":"Terms &amp; Conditions - South Florida Off Road Tours","description":"Terms &amp; Conditions Total number of passengers per ATV is 2, with a maximum combined weight limit of 350 lbs. For comfort and safety, it's recommended - South Florida Off Road Tours","robots":{"index":"index","follow":"follow","max-snippet":"max-snippet:-1","max-image-preview":"max-image-preview:large","max-video-preview":"max-video-preview:-1"},"canonical":"https:\/\/southfloridaoffroadtours.com\/es\/termsconditions\/","og_locale":"es_ES","og_type":"article","og_title":"Terms &amp; Conditions - South Florida Off Road Tours","og_description":"Terms &amp; Conditions Total number of passengers per ATV is 2, with a maximum combined weight limit of 350 lbs. For comfort and safety, it's recommended - South Florida Off Road Tours","og_url":"https:\/\/southfloridaoffroadtours.com\/es\/termsconditions\/","og_site_name":"South Florida Off Road Tours","article_modified_time":"2026-03-31T20:26:08+00:00","twitter_card":"summary_large_image","twitter_misc":{"Tiempo de lectura":"3 minutos"},"schema":{"@context":"https:\/\/schema.org","@graph":[{"@type":"WebPage","@id":"https:\/\/southfloridaoffroadtours.com\/termsconditions\/","url":"https:\/\/southfloridaoffroadtours.com\/termsconditions\/","name":"Terms &amp; Conditions - South Florida Off Road Tours","isPartOf":{"@id":"https:\/\/southfloridaoffroadtours.com\/#website"},"datePublished":"2024-06-25T15:31:12+00:00","dateModified":"2026-03-31T20:26:08+00:00","description":"Terms &amp; Conditions Total number of passengers per ATV is 2, with a maximum combined weight limit of 350 lbs. For comfort and safety, it's recommended - South Florida Off Road Tours","inLanguage":"es","potentialAction":[{"@type":"ReadAction","target":["https:\/\/southfloridaoffroadtours.com\/termsconditions\/"]}]},{"@type":"WebSite","@id":"https:\/\/southfloridaoffroadtours.com\/#website","url":"https:\/\/southfloridaoffroadtours.com\/","name":"South Florida Off Road Tours","description":"Do Something Exciting For A Change","publisher":{"@id":"https:\/\/southfloridaoffroadtours.com\/#organization"},"potentialAction":[{"@type":"SearchAction","target":{"@type":"EntryPoint","urlTemplate":"https:\/\/southfloridaoffroadtours.com\/?s={search_term_string}"},"query-input":{"@type":"PropertyValueSpecification","valueRequired":true,"valueName":"search_term_string"}}],"inLanguage":"es"},{"@type":"Organization","@id":"https:\/\/southfloridaoffroadtours.com\/#organization","name":"South Florida Off Road Tours","url":"https:\/\/southfloridaoffroadtours.com\/","logo":{"@type":"ImageObject","inLanguage":"es","@id":"https:\/\/southfloridaoffroadtours.com\/#\/schema\/logo\/image\/","url":"https:\/\/southfloridaoffroadtours.com\/wp-content\/uploads\/2024\/03\/logo-footer.png","contentUrl":"https:\/\/southfloridaoffroadtours.com\/wp-content\/uploads\/2024\/03\/logo-footer.png","width":347,"height":285,"caption":"South Florida Off Road Tours"},"image":{"@id":"https:\/\/southfloridaoffroadtours.com\/#\/schema\/logo\/image\/"}}]}},"_links":{"self":[{"href":"https:\/\/southfloridaoffroadtours.com\/es\/wp-json\/wp\/v2\/pages\/2219","targetHints":{"allow":["GET"]}}],"collection":[{"href":"https:\/\/southfloridaoffroadtours.com\/es\/wp-json\/wp\/v2\/pages"}],"about":[{"href":"https:\/\/southfloridaoffroadtours.com\/es\/wp-json\/wp\/v2\/types\/page"}],"author":[{"embeddable":true,"href":"https:\/\/southfloridaoffroadtours.com\/es\/wp-json\/wp\/v2\/users\/6"}],"replies":[{"embeddable":true,"href":"https:\/\/southfloridaoffroadtours.com\/es\/wp-json\/wp\/v2\/comments?post=2219"}],"version-history":[{"count":71,"href":"https:\/\/southfloridaoffroadtours.com\/es\/wp-json\/wp\/v2\/pages\/2219\/revisions"}],"predecessor-version":[{"id":10486,"href":"https:\/\/southfloridaoffroadtours.com\/es\/wp-json\/wp\/v2\/pages\/2219\/revisions\/10486"}],"wp:attachment":[{"href":"https:\/\/southfloridaoffroadtours.com\/es\/wp-json\/wp\/v2\/media?parent=2219"}],"curies":[{"name":"wp","href":"https:\/\/api.w.org\/{rel}","templated":true}]}}