{"id":356,"date":"2024-03-09T05:01:05","date_gmt":"2024-03-09T05:01:05","guid":{"rendered":"https:\/\/southfloridaoffroadtours.heydaywebdev.com\/?page_id=356"},"modified":"2025-11-03T15:26:59","modified_gmt":"2025-11-03T15:26:59","slug":"our-story","status":"publish","type":"page","link":"https:\/\/southfloridaoffroadtours.com\/es\/our-story\/","title":{"rendered":"Nuestra historia"},"content":{"rendered":"<div data-elementor-type=\"wp-post\" data-elementor-id=\"356\" class=\"elementor elementor-356\" data-elementor-post-type=\"page\">\n\t\t\t\t<div data-particle_enable=\"false\" data-particle-mobile-disabled=\"false\" class=\"elementor-element elementor-element-a1b45a3 e-flex e-con-boxed e-con e-parent\" data-id=\"a1b45a3\" data-element_type=\"container\" data-e-type=\"container\">\n\t\t\t\t\t<div class=\"e-con-inner\">\n\t\t\t\t<div class=\"elementor-element elementor-element-ae5ff49 elementor-widget elementor-widget-spacer\" data-id=\"ae5ff49\" data-element_type=\"widget\" data-e-type=\"widget\" data-widget_type=\"spacer.default\">\n\t\t\t\t<div class=\"elementor-widget-container\">\n\t\t\t\t\t\t\t<div class=\"elementor-spacer\">\n\t\t\t<div class=\"elementor-spacer-inner\"><\/div>\n\t\t<\/div>\n\t\t\t\t\t\t<\/div>\n\t\t\t\t<\/div>\n\t\t\t\t<div class=\"elementor-element elementor-element-92afeee elementor-widget elementor-widget-heading\" data-id=\"92afeee\" data-element_type=\"widget\" data-e-type=\"widget\" data-widget_type=\"heading.default\">\n\t\t\t\t<div class=\"elementor-widget-container\">\n\t\t\t\t\t<h1 class=\"elementor-heading-title elementor-size-default\">Nuestra historia<\/h1>\t\t\t\t<\/div>\n\t\t\t\t<\/div>\n\t\t\t\t<div class=\"elementor-element elementor-element-5ee6f67 elementor-widget elementor-widget-spacer\" data-id=\"5ee6f67\" data-element_type=\"widget\" data-e-type=\"widget\" data-widget_type=\"spacer.default\">\n\t\t\t\t<div class=\"elementor-widget-container\">\n\t\t\t\t\t\t\t<div class=\"elementor-spacer\">\n\t\t\t<div class=\"elementor-spacer-inner\"><\/div>\n\t\t<\/div>\n\t\t\t\t\t\t<\/div>\n\t\t\t\t<\/div>\n\t\t\t\t\t<\/div>\n\t\t\t\t<\/div>\n\t\t<div data-particle_enable=\"false\" data-particle-mobile-disabled=\"false\" class=\"elementor-element elementor-element-f80eab2 e-flex e-con-boxed e-con e-parent\" data-id=\"f80eab2\" data-element_type=\"container\" data-e-type=\"container\">\n\t\t\t\t\t<div class=\"e-con-inner\">\n\t\t\t\t<div class=\"elementor-element elementor-element-1513045 elementor-hidden-tablet elementor-hidden-mobile elementor-widget elementor-widget-spacer\" data-id=\"1513045\" data-element_type=\"widget\" data-e-type=\"widget\" data-widget_type=\"spacer.default\">\n\t\t\t\t<div class=\"elementor-widget-container\">\n\t\t\t\t\t\t\t<div class=\"elementor-spacer\">\n\t\t\t<div class=\"elementor-spacer-inner\"><\/div>\n\t\t<\/div>\n\t\t\t\t\t\t<\/div>\n\t\t\t\t<\/div>\n\t\t\t\t\t<\/div>\n\t\t\t\t<\/div>\n\t\t<div data-particle_enable=\"false\" data-particle-mobile-disabled=\"false\" class=\"elementor-element elementor-element-fe84f6d e-flex e-con-boxed e-con e-parent\" data-id=\"fe84f6d\" data-element_type=\"container\" data-e-type=\"container\">\n\t\t\t\t\t<div class=\"e-con-inner\">\n\t\t<div data-particle_enable=\"false\" data-particle-mobile-disabled=\"false\" class=\"elementor-element elementor-element-115b53e e-con-full e-flex elementor-invisible e-con e-child\" data-id=\"115b53e\" data-element_type=\"container\" data-e-type=\"container\" data-settings=\"{&quot;animation&quot;:&quot;fadeInLeft&quot;}\">\n\t\t\t\t<div class=\"elementor-element elementor-element-2f6d498 elementor-hidden-tablet elementor-hidden-mobile elementor-widget elementor-widget-spacer\" data-id=\"2f6d498\" data-element_type=\"widget\" data-e-type=\"widget\" data-widget_type=\"spacer.default\">\n\t\t\t\t<div class=\"elementor-widget-container\">\n\t\t\t\t\t\t\t<div class=\"elementor-spacer\">\n\t\t\t<div class=\"elementor-spacer-inner\"><\/div>\n\t\t<\/div>\n\t\t\t\t\t\t<\/div>\n\t\t\t\t<\/div>\n\t\t\t\t<div class=\"elementor-element elementor-element-e6a4acb elementor-hidden-tablet elementor-hidden-mobile elementor-widget elementor-widget-spacer\" data-id=\"e6a4acb\" data-element_type=\"widget\" data-e-type=\"widget\" data-widget_type=\"spacer.default\">\n\t\t\t\t<div class=\"elementor-widget-container\">\n\t\t\t\t\t\t\t<div class=\"elementor-spacer\">\n\t\t\t<div class=\"elementor-spacer-inner\"><\/div>\n\t\t<\/div>\n\t\t\t\t\t\t<\/div>\n\t\t\t\t<\/div>\n\t\t\t\t<div class=\"elementor-element elementor-element-49fa8fa elementor-widget elementor-widget-text-editor\" data-id=\"49fa8fa\" data-element_type=\"widget\" data-e-type=\"widget\" data-widget_type=\"text-editor.default\">\n\t\t\t\t<div class=\"elementor-widget-container\">\n\t\t\t\t\t\t\t\t\t<p>Aqu\u00ed en South Florida Offroad, creamos una experiencia inolvidable para que nuestros clientes rompan con su rutina diaria y hagan algo diferente. Construimos nuestros recorridos desde cero para que sean una aventura emocionante y apasionante en veh\u00edculos 4x4 con vistas incre\u00edbles y excelentes fotograf\u00edas para recordar la experiencia toda la vida.<\/p>\t\t\t\t\t\t\t\t<\/div>\n\t\t\t\t<\/div>\n\t\t\t\t<div class=\"elementor-element elementor-element-711daf2 elementor-widget elementor-widget-html\" data-id=\"711daf2\" data-element_type=\"widget\" data-e-type=\"widget\" data-widget_type=\"html.default\">\n\t\t\t\t<div class=\"elementor-widget-container\">\n\t\t\t\t\t<div class=\"call-to-action\"><a style=\"background-color: #f15a29; line-height: 1.2; padding: 10px 20px; color: #ffffff; font-size: 18px; border-radius: 20px;\" href=\"https:\/\/book.southfloridaoffroadtours.com\">Elige mi aventura<\/a><\/div>\r\n&nbsp;\t\t\t\t<\/div>\n\t\t\t\t<\/div>\n\t\t\t\t<\/div>\n\t\t<div data-particle_enable=\"false\" data-particle-mobile-disabled=\"false\" class=\"elementor-element elementor-element-13cce49 e-con-full e-flex elementor-invisible e-con e-child\" data-id=\"13cce49\" data-element_type=\"container\" data-e-type=\"container\" data-settings=\"{&quot;animation&quot;:&quot;fadeInRight&quot;}\">\n\t\t\t\t<div class=\"elementor-element elementor-element-93b9772 elementor-widget elementor-widget-image\" data-id=\"93b9772\" data-element_type=\"widget\" data-e-type=\"widget\" data-widget_type=\"image.default\">\n\t\t\t\t<div class=\"elementor-widget-container\">\n\t\t\t\t\t\t\t\t\t\t\t\t\t\t\t<img fetchpriority=\"high\" decoding=\"async\" width=\"800\" height=\"781\" src=\"https:\/\/southfloridaoffroadtours.com\/wp-content\/uploads\/2024\/03\/Bachelor-Parties.png\" class=\"attachment-large size-large wp-image-107\" alt=\"atv tour\" srcset=\"https:\/\/southfloridaoffroadtours.com\/wp-content\/uploads\/2024\/03\/Bachelor-Parties.png 876w, https:\/\/southfloridaoffroadtours.com\/wp-content\/uploads\/2024\/03\/Bachelor-Parties-300x293.png 300w, https:\/\/southfloridaoffroadtours.com\/wp-content\/uploads\/2024\/03\/Bachelor-Parties-768x750.png 768w\" sizes=\"(max-width: 800px) 100vw, 800px\" title=\"Bachelor-Parties\" \/>\t\t\t\t\t\t\t\t\t\t\t\t\t\t\t<\/div>\n\t\t\t\t<\/div>\n\t\t\t\t<\/div>\n\t\t\t\t\t<\/div>\n\t\t\t\t<\/div>\n\t\t<div data-particle_enable=\"false\" data-particle-mobile-disabled=\"false\" class=\"elementor-element elementor-element-5611af0 e-flex e-con-boxed e-con e-parent\" data-id=\"5611af0\" data-element_type=\"container\" data-e-type=\"container\">\n\t\t\t\t\t<div class=\"e-con-inner\">\n\t\t<div data-particle_enable=\"false\" data-particle-mobile-disabled=\"false\" class=\"elementor-element elementor-element-f0b6677 e-con-full e-flex e-con e-child\" data-id=\"f0b6677\" data-element_type=\"container\" data-e-type=\"container\">\n\t\t\t\t<div class=\"elementor-element elementor-element-e5f5180 elementor-invisible elementor-widget elementor-widget-image\" data-id=\"e5f5180\" data-element_type=\"widget\" data-e-type=\"widget\" data-settings=\"{&quot;_animation&quot;:&quot;fadeInLeft&quot;}\" data-widget_type=\"image.default\">\n\t\t\t\t<div class=\"elementor-widget-container\">\n\t\t\t\t\t\t\t\t\t\t\t\t\t\t\t<img decoding=\"async\" width=\"800\" height=\"740\" src=\"https:\/\/southfloridaoffroadtours.com\/wp-content\/uploads\/2024\/03\/tours.png\" class=\"attachment-large size-large wp-image-362\" alt=\"atv off road adventures\" srcset=\"https:\/\/southfloridaoffroadtours.com\/wp-content\/uploads\/2024\/03\/tours.png 876w, https:\/\/southfloridaoffroadtours.com\/wp-content\/uploads\/2024\/03\/tours-300x277.png 300w, https:\/\/southfloridaoffroadtours.com\/wp-content\/uploads\/2024\/03\/tours-768x710.png 768w\" sizes=\"(max-width: 800px) 100vw, 800px\" title=\"tours\" \/>\t\t\t\t\t\t\t\t\t\t\t\t\t\t\t<\/div>\n\t\t\t\t<\/div>\n\t\t\t\t<\/div>\n\t\t<div data-particle_enable=\"false\" data-particle-mobile-disabled=\"false\" class=\"elementor-element elementor-element-9805523 e-con-full e-flex elementor-invisible e-con e-child\" data-id=\"9805523\" data-element_type=\"container\" data-e-type=\"container\" data-settings=\"{&quot;animation&quot;:&quot;fadeInRight&quot;}\">\n\t\t\t\t<div class=\"elementor-element elementor-element-4bf9ffc elementor-hidden-tablet elementor-hidden-mobile elementor-widget elementor-widget-spacer\" data-id=\"4bf9ffc\" data-element_type=\"widget\" data-e-type=\"widget\" data-widget_type=\"spacer.default\">\n\t\t\t\t<div class=\"elementor-widget-container\">\n\t\t\t\t\t\t\t<div class=\"elementor-spacer\">\n\t\t\t<div class=\"elementor-spacer-inner\"><\/div>\n\t\t<\/div>\n\t\t\t\t\t\t<\/div>\n\t\t\t\t<\/div>\n\t\t\t\t<div class=\"elementor-element elementor-element-cbcbfd0 elementor-widget elementor-widget-text-editor\" data-id=\"cbcbfd0\" data-element_type=\"widget\" data-e-type=\"widget\" data-widget_type=\"text-editor.default\">\n\t\t\t\t<div class=\"elementor-widget-container\">\n\t\t\t\t\t\t\t\t\t<p>Comenzamos South Florida Offroad Tours cuando quer\u00edamos hacer nosotros mismos un recorrido de este calibre. Otro operador tur\u00edstico nos decepcion\u00f3 cuando los veh\u00edculos todo terreno que nos dieron estaban sucios y se averiaron en medio del recorrido. Para empeorar las cosas, nuestro gu\u00eda tur\u00edstico hizo que pareciera que ten\u00eda mejores cosas que hacer que estar en el recorrido con nosotros.<\/p><p>Merec\u00edamos algo mejor y sentimos que otros merecen algo mejor, por eso nos comprometimos a crear una experiencia que nuestros clientes no olvidar\u00e1n. Nos esforzamos por seguir mejorando y hacer que la experiencia sea a\u00fan mejor para usted.<\/p>\t\t\t\t\t\t\t\t<\/div>\n\t\t\t\t<\/div>\n\t\t\t\t<div class=\"elementor-element elementor-element-2ae65b5 elementor-widget elementor-widget-html\" data-id=\"2ae65b5\" data-element_type=\"widget\" data-e-type=\"widget\" data-widget_type=\"html.default\">\n\t\t\t\t<div class=\"elementor-widget-container\">\n\t\t\t\t\t<div class=\"call-to-action\"><a style=\"background-color: #fff; line-height: 1.2; padding: 10px 20px; color: #333; font-size: 18px; border-radius: 20px;\" href=\"https:\/\/book.southfloridaoffroadtours.com\">Elige mi aventura<\/a><\/div>\t\t\t\t<\/div>\n\t\t\t\t<\/div>\n\t\t\t\t<\/div>\n\t\t\t\t\t<\/div>\n\t\t\t\t<\/div>\n\t\t<div data-particle_enable=\"false\" data-particle-mobile-disabled=\"false\" class=\"elementor-element elementor-element-8214463 e-flex e-con-boxed e-con e-parent\" data-id=\"8214463\" data-element_type=\"container\" data-e-type=\"container\">\n\t\t\t\t\t<div class=\"e-con-inner\">\n\t\t\t\t<div class=\"elementor-element elementor-element-9fd66d7 elementor-shape-circle elementor-widget__width-initial elementor-fixed elementor-grid-0 e-grid-align-center elementor-widget elementor-widget-global elementor-global-3778 elementor-widget-social-icons\" data-id=\"9fd66d7\" data-element_type=\"widget\" data-e-type=\"widget\" data-settings=\"{&quot;_position&quot;:&quot;fixed&quot;}\" data-widget_type=\"social-icons.default\">\n\t\t\t\t<div class=\"elementor-widget-container\">\n\t\t\t\t\t\t\t<div class=\"elementor-social-icons-wrapper elementor-grid\">\n\t\t\t\t\t\t\t<span class=\"elementor-grid-item\">\n\t\t\t\t\t<a class=\"elementor-icon elementor-social-icon elementor-social-icon-whatsapp elementor-repeater-item-bb3e236\" href=\"https:\/\/wa.me\/573228423479\" target=\"_blank\">\n\t\t\t\t\t\t<span class=\"elementor-screen-only\">Whatsapp<\/span>\n\t\t\t\t\t\t<svg aria-hidden=\"true\" class=\"e-font-icon-svg e-fab-whatsapp\" viewbox=\"0 0 448 512\" xmlns=\"http:\/\/www.w3.org\/2000\/svg\"><path d=\"M380.9 97.1C339 55.1 283.2 32 223.9 32c-122.4 0-222 99.6-222 222 0 39.1 10.2 77.3 29.6 111L0 480l117.7-30.9c32.4 17.7 68.9 27 106.1 27h.1c122.3 0 224.1-99.6 224.1-222 0-59.3-25.2-115-67.1-157zm-157 341.6c-33.2 0-65.7-8.9-94-25.7l-6.7-4-69.8 18.3L72 359.2l-4.4-7c-18.5-29.4-28.2-63.3-28.2-98.2 0-101.7 82.8-184.5 184.6-184.5 49.3 0 95.6 19.2 130.4 54.1 34.8 34.9 56.2 81.2 56.1 130.5 0 101.8-84.9 184.6-186.6 184.6zm101.2-138.2c-5.5-2.8-32.8-16.2-37.9-18-5.1-1.9-8.8-2.8-12.5 2.8-3.7 5.6-14.3 18-17.6 21.8-3.2 3.7-6.5 4.2-12 1.4-32.6-16.3-54-29.1-75.5-66-5.7-9.8 5.7-9.1 16.3-30.3 1.8-3.7.9-6.9-.5-9.7-1.4-2.8-12.5-30.1-17.1-41.2-4.5-10.8-9.1-9.3-12.5-9.5-3.2-.2-6.9-.2-10.6-.2-3.7 0-9.7 1.4-14.8 6.9-5.1 5.6-19.4 19-19.4 46.3 0 27.3 19.9 53.7 22.6 57.4 2.8 3.7 39.1 59.7 94.8 83.8 35.2 15.2 49 16.5 66.6 13.9 10.7-1.6 32.8-13.4 37.4-26.4 4.6-13 4.6-24.1 3.2-26.4-1.3-2.5-5-3.9-10.5-6.6z\"><\/path><\/svg>\t\t\t\t\t<\/a>\n\t\t\t\t<\/span>\n\t\t\t\t\t<\/div>\n\t\t\t\t\t\t<\/div>\n\t\t\t\t<\/div>\n\t\t\t\t\t<\/div>\n\t\t\t\t<\/div>\n\t\t\t\t<\/div>","protected":false},"excerpt":{"rendered":"<p>Our Story Here at South Florida Offroad, we create an unforgettable experience for our customers to break out of their everyday routine and do something different. We built our tours from the ground up to be an exciting and thrilling adventure on 4x4s with incredible views and great photos to remember the experience for a [&hellip;]<\/p>\n","protected":false},"author":6,"featured_media":0,"parent":0,"menu_order":0,"comment_status":"closed","ping_status":"closed","template":"elementor_header_footer","meta":{"footnotes":""},"class_list":["post-356","page","type-page","status-publish","hentry"],"yoast_head":"<!-- This site is optimized with the Yoast SEO Premium plugin v22.2 (Yoast SEO v27.3) - https:\/\/yoast.com\/product\/yoast-seo-premium-wordpress\/ -->\n<title>Our Story - South Florida Off Road Tours<\/title>\n<meta name=\"description\" content=\"We deserved better and we feel that others deserve better so we committed to putting together an experience that our customers wouldn\u2019t forget\" \/>\n<meta name=\"robots\" content=\"index, follow, max-snippet:-1, max-image-preview:large, max-video-preview:-1\" \/>\n<link rel=\"canonical\" href=\"https:\/\/southfloridaoffroadtours.com\/es\/our-story\/\" \/>\n<meta property=\"og:locale\" content=\"es_ES\" \/>\n<meta property=\"og:type\" content=\"article\" \/>\n<meta property=\"og:title\" content=\"Our Story - South Florida Off Road Tours\" \/>\n<meta property=\"og:description\" content=\"Our Story Here at South Florida Offroad, we create an unforgettable experience for our customers to break out of their everyday routine and do something - South Florida Off Road Tours\" \/>\n<meta property=\"og:url\" content=\"https:\/\/southfloridaoffroadtours.com\/es\/our-story\/\" \/>\n<meta property=\"og:site_name\" content=\"South Florida Off Road Tours\" \/>\n<meta property=\"article:modified_time\" content=\"2025-11-03T15:26:59+00:00\" \/>\n<meta property=\"og:image\" content=\"https:\/\/southfloridaoffroadtours.com\/wp-content\/uploads\/2024\/03\/Bachelor-Parties.png\" \/>\n\t<meta property=\"og:image:width\" content=\"876\" \/>\n\t<meta property=\"og:image:height\" content=\"855\" \/>\n\t<meta property=\"og:image:type\" content=\"image\/png\" \/>\n<meta name=\"twitter:card\" content=\"summary_large_image\" \/>\n<meta name=\"twitter:label1\" content=\"Tiempo de lectura\" \/>\n\t<meta name=\"twitter:data1\" content=\"2 minutos\" \/>\n<script type=\"application\/ld+json\" class=\"yoast-schema-graph\">{\"@context\":\"https:\\\/\\\/schema.org\",\"@graph\":[{\"@type\":\"WebPage\",\"@id\":\"https:\\\/\\\/southfloridaoffroadtours.com\\\/our-story\\\/\",\"url\":\"https:\\\/\\\/southfloridaoffroadtours.com\\\/our-story\\\/\",\"name\":\"Our Story - South Florida Off Road Tours\",\"isPartOf\":{\"@id\":\"https:\\\/\\\/southfloridaoffroadtours.com\\\/#website\"},\"primaryImageOfPage\":{\"@id\":\"https:\\\/\\\/southfloridaoffroadtours.com\\\/our-story\\\/#primaryimage\"},\"image\":{\"@id\":\"https:\\\/\\\/southfloridaoffroadtours.com\\\/our-story\\\/#primaryimage\"},\"thumbnailUrl\":\"https:\\\/\\\/southfloridaoffroadtours.com\\\/wp-content\\\/uploads\\\/2024\\\/03\\\/Bachelor-Parties.png\",\"datePublished\":\"2024-03-09T05:01:05+00:00\",\"dateModified\":\"2025-11-03T15:26:59+00:00\",\"description\":\"We deserved better and we feel that others deserve better so we committed to putting together an experience that our customers wouldn\u2019t forget\",\"inLanguage\":\"es\",\"potentialAction\":[{\"@type\":\"ReadAction\",\"target\":[\"https:\\\/\\\/southfloridaoffroadtours.com\\\/our-story\\\/\"]}]},{\"@type\":\"ImageObject\",\"inLanguage\":\"es\",\"@id\":\"https:\\\/\\\/southfloridaoffroadtours.com\\\/our-story\\\/#primaryimage\",\"url\":\"https:\\\/\\\/southfloridaoffroadtours.com\\\/wp-content\\\/uploads\\\/2024\\\/03\\\/Bachelor-Parties.png\",\"contentUrl\":\"https:\\\/\\\/southfloridaoffroadtours.com\\\/wp-content\\\/uploads\\\/2024\\\/03\\\/Bachelor-Parties.png\"},{\"@type\":\"WebSite\",\"@id\":\"https:\\\/\\\/southfloridaoffroadtours.com\\\/#website\",\"url\":\"https:\\\/\\\/southfloridaoffroadtours.com\\\/\",\"name\":\"South Florida Off Road Tours\",\"description\":\"Do Something Exciting For A Change\",\"publisher\":{\"@id\":\"https:\\\/\\\/southfloridaoffroadtours.com\\\/#organization\"},\"potentialAction\":[{\"@type\":\"SearchAction\",\"target\":{\"@type\":\"EntryPoint\",\"urlTemplate\":\"https:\\\/\\\/southfloridaoffroadtours.com\\\/?s={search_term_string}\"},\"query-input\":{\"@type\":\"PropertyValueSpecification\",\"valueRequired\":true,\"valueName\":\"search_term_string\"}}],\"inLanguage\":\"es\"},{\"@type\":\"Organization\",\"@id\":\"https:\\\/\\\/southfloridaoffroadtours.com\\\/#organization\",\"name\":\"South Florida Off Road Tours\",\"url\":\"https:\\\/\\\/southfloridaoffroadtours.com\\\/\",\"logo\":{\"@type\":\"ImageObject\",\"inLanguage\":\"es\",\"@id\":\"https:\\\/\\\/southfloridaoffroadtours.com\\\/#\\\/schema\\\/logo\\\/image\\\/\",\"url\":\"https:\\\/\\\/southfloridaoffroadtours.com\\\/wp-content\\\/uploads\\\/2024\\\/03\\\/logo-footer.png\",\"contentUrl\":\"https:\\\/\\\/southfloridaoffroadtours.com\\\/wp-content\\\/uploads\\\/2024\\\/03\\\/logo-footer.png\",\"width\":347,\"height\":285,\"caption\":\"South Florida Off Road Tours\"},\"image\":{\"@id\":\"https:\\\/\\\/southfloridaoffroadtours.com\\\/#\\\/schema\\\/logo\\\/image\\\/\"}}]}<\/script>\n<!-- \/ Yoast SEO Premium plugin. -->","yoast_head_json":{"title":"Our Story - South Florida Off Road Tours","description":"We deserved better and we feel that others deserve better so we committed to putting together an experience that our customers wouldn\u2019t forget","robots":{"index":"index","follow":"follow","max-snippet":"max-snippet:-1","max-image-preview":"max-image-preview:large","max-video-preview":"max-video-preview:-1"},"canonical":"https:\/\/southfloridaoffroadtours.com\/es\/our-story\/","og_locale":"es_ES","og_type":"article","og_title":"Our Story - South Florida Off Road Tours","og_description":"Our Story Here at South Florida Offroad, we create an unforgettable experience for our customers to break out of their everyday routine and do something - South Florida Off Road Tours","og_url":"https:\/\/southfloridaoffroadtours.com\/es\/our-story\/","og_site_name":"South Florida Off Road Tours","article_modified_time":"2025-11-03T15:26:59+00:00","og_image":[{"width":876,"height":855,"url":"https:\/\/southfloridaoffroadtours.com\/wp-content\/uploads\/2024\/03\/Bachelor-Parties.png","type":"image\/png"}],"twitter_card":"summary_large_image","twitter_misc":{"Tiempo de lectura":"2 minutos"},"schema":{"@context":"https:\/\/schema.org","@graph":[{"@type":"WebPage","@id":"https:\/\/southfloridaoffroadtours.com\/our-story\/","url":"https:\/\/southfloridaoffroadtours.com\/our-story\/","name":"Our Story - South Florida Off Road Tours","isPartOf":{"@id":"https:\/\/southfloridaoffroadtours.com\/#website"},"primaryImageOfPage":{"@id":"https:\/\/southfloridaoffroadtours.com\/our-story\/#primaryimage"},"image":{"@id":"https:\/\/southfloridaoffroadtours.com\/our-story\/#primaryimage"},"thumbnailUrl":"https:\/\/southfloridaoffroadtours.com\/wp-content\/uploads\/2024\/03\/Bachelor-Parties.png","datePublished":"2024-03-09T05:01:05+00:00","dateModified":"2025-11-03T15:26:59+00:00","description":"We deserved better and we feel that others deserve better so we committed to putting together an experience that our customers wouldn\u2019t forget","inLanguage":"es","potentialAction":[{"@type":"ReadAction","target":["https:\/\/southfloridaoffroadtours.com\/our-story\/"]}]},{"@type":"ImageObject","inLanguage":"es","@id":"https:\/\/southfloridaoffroadtours.com\/our-story\/#primaryimage","url":"https:\/\/southfloridaoffroadtours.com\/wp-content\/uploads\/2024\/03\/Bachelor-Parties.png","contentUrl":"https:\/\/southfloridaoffroadtours.com\/wp-content\/uploads\/2024\/03\/Bachelor-Parties.png"},{"@type":"WebSite","@id":"https:\/\/southfloridaoffroadtours.com\/#website","url":"https:\/\/southfloridaoffroadtours.com\/","name":"South Florida Off Road Tours","description":"Do Something Exciting For A Change","publisher":{"@id":"https:\/\/southfloridaoffroadtours.com\/#organization"},"potentialAction":[{"@type":"SearchAction","target":{"@type":"EntryPoint","urlTemplate":"https:\/\/southfloridaoffroadtours.com\/?s={search_term_string}"},"query-input":{"@type":"PropertyValueSpecification","valueRequired":true,"valueName":"search_term_string"}}],"inLanguage":"es"},{"@type":"Organization","@id":"https:\/\/southfloridaoffroadtours.com\/#organization","name":"South Florida Off Road Tours","url":"https:\/\/southfloridaoffroadtours.com\/","logo":{"@type":"ImageObject","inLanguage":"es","@id":"https:\/\/southfloridaoffroadtours.com\/#\/schema\/logo\/image\/","url":"https:\/\/southfloridaoffroadtours.com\/wp-content\/uploads\/2024\/03\/logo-footer.png","contentUrl":"https:\/\/southfloridaoffroadtours.com\/wp-content\/uploads\/2024\/03\/logo-footer.png","width":347,"height":285,"caption":"South Florida Off Road Tours"},"image":{"@id":"https:\/\/southfloridaoffroadtours.com\/#\/schema\/logo\/image\/"}}]}},"_links":{"self":[{"href":"https:\/\/southfloridaoffroadtours.com\/es\/wp-json\/wp\/v2\/pages\/356","targetHints":{"allow":["GET"]}}],"collection":[{"href":"https:\/\/southfloridaoffroadtours.com\/es\/wp-json\/wp\/v2\/pages"}],"about":[{"href":"https:\/\/southfloridaoffroadtours.com\/es\/wp-json\/wp\/v2\/types\/page"}],"author":[{"embeddable":true,"href":"https:\/\/southfloridaoffroadtours.com\/es\/wp-json\/wp\/v2\/users\/6"}],"replies":[{"embeddable":true,"href":"https:\/\/southfloridaoffroadtours.com\/es\/wp-json\/wp\/v2\/comments?post=356"}],"version-history":[{"count":37,"href":"https:\/\/southfloridaoffroadtours.com\/es\/wp-json\/wp\/v2\/pages\/356\/revisions"}],"predecessor-version":[{"id":7643,"href":"https:\/\/southfloridaoffroadtours.com\/es\/wp-json\/wp\/v2\/pages\/356\/revisions\/7643"}],"wp:attachment":[{"href":"https:\/\/southfloridaoffroadtours.com\/es\/wp-json\/wp\/v2\/media?parent=356"}],"curies":[{"name":"wp","href":"https:\/\/api.w.org\/{rel}","templated":true}]}}